{"id":988,"date":"2023-06-08T12:11:13","date_gmt":"2023-06-08T16:11:13","guid":{"rendered":"https:\/\/mtlprimelimos.com\/mtl-prime-limos\/"},"modified":"2026-04-09T18:53:55","modified_gmt":"2026-04-09T22:53:55","slug":"mtl-prime-limos","status":"publish","type":"page","link":"https:\/\/mtlprimelimos.com\/fr\/","title":{"rendered":"MTL Prime Limos"},"content":{"rendered":"<p>[et_pb_section fb_built=\u00a0\u00bb1&Prime; fullwidth=\u00a0\u00bbon\u00a0\u00bb _builder_version=\u00a0\u00bb4.27.4&Prime; _module_preset=\u00a0\u00bbdefault\u00a0\u00bb background_color=\u00a0\u00bb#000000&Prime; global_colors_info=\u00a0\u00bb{}\u00a0\u00bb][et_pb_fullwidth_slider _builder_version=\u00a0\u00bb4.27.4&Prime; _module_preset=\u00a0\u00bbdefault\u00a0\u00bb background_enable_image=\u00a0\u00bboff\u00a0\u00bb filter_saturate=\u00a0\u00bb0%\u00a0\u00bb global_colors_info=\u00a0\u00bb{}\u00a0\u00bb][et_pb_slide heading=\u00a0\u00bbService de limousine de Montr\u00e9al\u00a0\u00bb button_text=\u00a0\u00bbAppelez maintenant 1-844-97-LIMOS\u00a0\u00bb button_link=\u00a0\u00bbtel:+18449754667&Prime; _builder_version=\u00a0\u00bb4.27.4&Prime; _module_preset=\u00a0\u00bb4a74fb26-6d70-429c-9e1d-cc9ed11ea69b\u00a0\u00bb background_image=\u00a0\u00bbhttps:\/\/mtlprimelimos.com\/wp-content\/uploads\/SUV_Limo_Services_Bromont_QC_Reserve_Today_184497LIMOS.jpg\u00a0\u00bb background_enable_image=\u00a0\u00bbon\u00a0\u00bb parallax=\u00a0\u00bboff\u00a0\u00bb background_enable_pattern_style=\u00a0\u00bboff\u00a0\u00bb global_colors_info=\u00a0\u00bb{}\u00a0\u00bb sticky_transition=\u00a0\u00bbon\u00a0\u00bb]<\/p>\n<p>Engagez MTL Prime Limos pour le meilleur service de limousine \u00e0 Montr\u00e9al et b\u00e9n\u00e9ficiez de l&rsquo;expertise de chauffeurs professionnels exp\u00e9riment\u00e9s qui connaissent bien les routes et la circulation de la ville, assurant ainsi un voyage efficace et sans encombre.<\/p>\n<p><\/p>\n<p><strong>D\u00e9tendez-vous et profitez du trajet sans vous inqui\u00e9ter.<\/strong><\/p>\n<p>[\/et_pb_slide][et_pb_slide heading=\u00a0\u00bbService de Limousine Montreal MTL Prime \u00a0\u00bb button_text=\u00a0\u00bbAppelez maintenant 1-844-97-LIMOS\u00a0\u00bb button_link=\u00a0\u00bbtel:+18449754667&Prime; _builder_version=\u00a0\u00bb4.21.0&Prime; _module_preset=\u00a0\u00bb4a74fb26-6d70-429c-9e1d-cc9ed11ea69b\u00a0\u00bb background_image=\u00a0\u00bbhttps:\/\/mtlprimelimos.com\/wp-content\/uploads\/Limousines_Service_Quebec_City_Quebec_184497LIMOS-scaled.jpeg\u00a0\u00bb background_enable_image=\u00a0\u00bbon\u00a0\u00bb parallax=\u00a0\u00bboff\u00a0\u00bb background_enable_pattern_style=\u00a0\u00bboff\u00a0\u00bb global_colors_info=\u00a0\u00bb{}\u00a0\u00bb sticky_transition=\u00a0\u00bbon\u00a0\u00bb]<\/p>\n<p>Votre service de limousine de luxe pour Montr\u00e9al et les environs<\/p>\n<p>[\/et_pb_slide][\/et_pb_fullwidth_slider][\/et_pb_section]<\/p>\n","protected":false},"excerpt":{"rendered":"<p>Engagez MTL Prime Limos pour le meilleur service de limousine \u00e0 Montr\u00e9al et b\u00e9n\u00e9ficiez de l&rsquo;expertise de chauffeurs professionnels exp\u00e9riment\u00e9s qui connaissent bien les routes et la circulation de la ville, assurant ainsi un voyage efficace et sans encombre.D\u00e9tendez-vous et profitez du trajet sans vous inqui\u00e9ter.Votre service de limousine de luxe pour Montr\u00e9al et les&hellip; <a class=\"continue\" href=\"https:\/\/mtlprimelimos.com\/fr\/\">Continue Reading<span> MTL Prime Limos<\/span><\/a><\/p>\n","protected":false},"author":1,"featured_media":91,"parent":0,"menu_order":0,"comment_status":"closed","ping_status":"closed","template":"","meta":{"_acf_changed":false,"_et_pb_use_builder":"on","_et_pb_old_content":"","_et_gb_content_width":"","footnotes":""},"wf_page_folders":[],"class_list":["post-988","page","type-page","status-publish","has-post-thumbnail","hentry"],"acf":[],"_links":{"self":[{"href":"https:\/\/mtlprimelimos.com\/fr\/wp-json\/wp\/v2\/pages\/988","targetHints":{"allow":["GET"]}}],"collection":[{"href":"https:\/\/mtlprimelimos.com\/fr\/wp-json\/wp\/v2\/pages"}],"about":[{"href":"https:\/\/mtlprimelimos.com\/fr\/wp-json\/wp\/v2\/types\/page"}],"author":[{"embeddable":true,"href":"https:\/\/mtlprimelimos.com\/fr\/wp-json\/wp\/v2\/users\/1"}],"replies":[{"embeddable":true,"href":"https:\/\/mtlprimelimos.com\/fr\/wp-json\/wp\/v2\/comments?post=988"}],"version-history":[{"count":38,"href":"https:\/\/mtlprimelimos.com\/fr\/wp-json\/wp\/v2\/pages\/988\/revisions"}],"predecessor-version":[{"id":2259,"href":"https:\/\/mtlprimelimos.com\/fr\/wp-json\/wp\/v2\/pages\/988\/revisions\/2259"}],"wp:featuredmedia":[{"embeddable":true,"href":"https:\/\/mtlprimelimos.com\/fr\/wp-json\/wp\/v2\/media\/91"}],"wp:attachment":[{"href":"https:\/\/mtlprimelimos.com\/fr\/wp-json\/wp\/v2\/media?parent=988"}],"wp:term":[{"taxonomy":"wf_page_folders","embeddable":true,"href":"https:\/\/mtlprimelimos.com\/fr\/wp-json\/wp\/v2\/wf_page_folders?post=988"}],"curies":[{"name":"wp","href":"https:\/\/api.w.org\/{rel}","templated":true}]}}