{"id":2068,"date":"2025-09-10T03:21:03","date_gmt":"2025-09-10T07:21:03","guid":{"rendered":"https:\/\/mtlprimelimos.com\/avis-des-clients\/"},"modified":"2025-12-18T21:47:12","modified_gmt":"2025-12-19T01:47:12","slug":"avis-des-clients","status":"publish","type":"page","link":"https:\/\/mtlprimelimos.com\/fr\/avis-des-clients\/","title":{"rendered":"Avis des clients"},"content":{"rendered":"<p>[et_pb_section fb_built=\u00a0\u00bb1&Prime; _builder_version=\u00a0\u00bb4.16&Prime; global_colors_info=\u00a0\u00bb{}\u00a0\u00bb][et_pb_row _builder_version=\u00a0\u00bb4.16&Prime; background_size=\u00a0\u00bbinitial\u00a0\u00bb background_position=\u00a0\u00bbtop_left\u00a0\u00bb background_repeat=\u00a0\u00bbrepeat\u00a0\u00bb global_colors_info=\u00a0\u00bb{}\u00a0\u00bb][et_pb_column type=\u00a0\u00bb4_4&Prime; _builder_version=\u00a0\u00bb4.16&Prime; custom_padding=\u00a0\u00bb|||\u00a0\u00bb global_colors_info=\u00a0\u00bb{}\u00a0\u00bb custom_padding__hover=\u00a0\u00bb|||\u00a0\u00bb][et_pb_text _builder_version=\u00a0\u00bb4.27.4&Prime; background_size=\u00a0\u00bbinitial\u00a0\u00bb background_position=\u00a0\u00bbtop_left\u00a0\u00bb background_repeat=\u00a0\u00bbrepeat\u00a0\u00bb hover_enabled=\u00a0\u00bb0&Prime; global_colors_info=\u00a0\u00bb{}\u00a0\u00bb sticky_enabled=\u00a0\u00bb0&Prime;]<\/p>\n<div style=\"text-align: center; max-width: 900px; margin: 60px auto; font-family: Georgia,serif; line-height: 1.6;\">\n<h1 style=\"font-size: 2.5em; font-weight: bold; margin-bottom: 0.3em;\">Avis des clients<\/h1>\n<p style=\"font-size: 1.2em; color: #555; margin-bottom: 2em;\"><strong>Approuv\u00e9 par les clients les plus exigeants de Montr\u00e9al<\/strong><\/p>\n<p style=\"font-size: 1.2em; color: #555; margin-bottom: 2em;\">Chez <strong>MTL Prime Limousines<\/strong>, chaque trajet est bien plus qu&rsquo;un simple transport, c\u2019est une <em>exp\u00e9rience de confort, de style et de professionnalisme<\/em>.<\/p>\n<hr style=\"width: 60px; border: 1px solid #c9a44c; margin: 2em auto;\" \/>\n<h2 style=\"font-size: 2em; margin-bottom: 1em;\">\u2b50 Ce que disent nos clients<\/h2>\n<p><!-- Replace with your testimonial plugin --> <div class=\"strong-view strong-view-id-1 modern wpmtst-modern slider-container carousel slider-mode-horizontal controls-style-buttons nav-position-outside\" data-count=\"0\" data-slider-var=\"strong_slider_id_1\" data-state=\"idle\" data-assignment=\"none\"><div class=\"strong-content wpmslider-content\"><\/div><\/div><\/p>\n<div class=\"strong-rating-wrapper average centered\"><span class=\"strong-rating-title\">Moyenne des notes\u00a0:<\/span> \t\t<span class=\"strong-rating\">\n\t\t\t<span class=\"star0 star\"><\/span>\n\t\t\t<span class=\"star\" style=\"display: inline-block\"><svg class=\"star_solid\" aria-hidden=\"true\" role=\"img\" xmlns=\"http:\/\/www.w3.org\/2000\/svg\" viewBox=\"-8 -8 584 520\"><path d=\"M259.3 17.8L194 150.2 47.9 171.5c-26.2 3.8-36.7 36.1-17.7 54.6l105.7 103-25 145.5c-4.5 26.3 23.2 46 46.4 33.7L288 439.6l130.7 68.7c23.2 12.2 50.9-7.4 46.4-33.7l-25-145.5 105.7-103c19-18.5 8.5-50.8-17.7-54.6L382 150.2 316.7 17.8c-11.7-23.6-45.6-23.9-57.4 0z\"><\/path><\/svg><\/span><span class=\"star\" style=\"display: inline-block\"><svg class=\"star_solid\" aria-hidden=\"true\" role=\"img\" xmlns=\"http:\/\/www.w3.org\/2000\/svg\" viewBox=\"-8 -8 584 520\"><path d=\"M259.3 17.8L194 150.2 47.9 171.5c-26.2 3.8-36.7 36.1-17.7 54.6l105.7 103-25 145.5c-4.5 26.3 23.2 46 46.4 33.7L288 439.6l130.7 68.7c23.2 12.2 50.9-7.4 46.4-33.7l-25-145.5 105.7-103c19-18.5 8.5-50.8-17.7-54.6L382 150.2 316.7 17.8c-11.7-23.6-45.6-23.9-57.4 0z\"><\/path><\/svg><\/span><span class=\"star\" style=\"display: inline-block\"><svg class=\"star_solid\" aria-hidden=\"true\" role=\"img\" xmlns=\"http:\/\/www.w3.org\/2000\/svg\" viewBox=\"-8 -8 584 520\"><path d=\"M259.3 17.8L194 150.2 47.9 171.5c-26.2 3.8-36.7 36.1-17.7 54.6l105.7 103-25 145.5c-4.5 26.3 23.2 46 46.4 33.7L288 439.6l130.7 68.7c23.2 12.2 50.9-7.4 46.4-33.7l-25-145.5 105.7-103c19-18.5 8.5-50.8-17.7-54.6L382 150.2 316.7 17.8c-11.7-23.6-45.6-23.9-57.4 0z\"><\/path><\/svg><\/span><span class=\"star\" style=\"display: inline-block\"><svg class=\"star_solid\" aria-hidden=\"true\" role=\"img\" xmlns=\"http:\/\/www.w3.org\/2000\/svg\" viewBox=\"-8 -8 584 520\"><path d=\"M259.3 17.8L194 150.2 47.9 171.5c-26.2 3.8-36.7 36.1-17.7 54.6l105.7 103-25 145.5c-4.5 26.3 23.2 46 46.4 33.7L288 439.6l130.7 68.7c23.2 12.2 50.9-7.4 46.4-33.7l-25-145.5 105.7-103c19-18.5 8.5-50.8-17.7-54.6L382 150.2 316.7 17.8c-11.7-23.6-45.6-23.9-57.4 0z\"><\/path><\/svg><\/span><span class=\"star\" style=\"display: inline-block\"><svg class=\"star_solid\" aria-hidden=\"true\" role=\"img\" xmlns=\"http:\/\/www.w3.org\/2000\/svg\" viewBox=\"-8 -8 584 520\"><path d=\"M259.3 17.8L194 150.2 47.9 171.5c-26.2 3.8-36.7 36.1-17.7 54.6l105.7 103-25 145.5c-4.5 26.3 23.2 46 46.4 33.7L288 439.6l130.7 68.7c23.2 12.2 50.9-7.4 46.4-33.7l-25-145.5 105.7-103c19-18.5 8.5-50.8-17.7-54.6L382 150.2 316.7 17.8c-11.7-23.6-45.6-23.9-57.4 0z\"><\/path><\/svg><\/span>\t\t<\/span>\n\t\t <span class=\"strong-rating-summary\">5.0 \u00e9toiles (bas\u00e9e sur 68 notes)<\/span><\/div>\n<p>&nbsp;<\/p>\n<hr style=\"width: 60px; border: 1px solid #c9a44c; margin: 2em auto;\" \/>\n<h2>\u00a0<\/h2>\n<h2 style=\"font-size: 2em; margin-bottom: 1em;\">Partagez votre exp\u00e9rience<\/h2>\n<p style=\"font-size: 1.1em; color: #444; max-width: 750px; margin: 0 auto 1.5em;\">Votre histoire compte. Les avis n'aident pas seulement les futurs clients \u00e0 choisir en toute confiance, ils nous inspirent \u00e9galement \u00e0 continuer de fixer la norme pour le service de limousine \u00e0 Montr\u00e9al.<\/p>\n<p style=\"font-size: 1.2em;\">\ud83d\udcdd <strong>Laisser un avis :<\/strong><\/p>\n<p style=\"font-size: 1.2em;\">\ud83d\udccd <a style=\"color: #c9a44c; font-weight: bold; text-decoration: none;\" href=\"https:\/\/g.page\/r\/Cf7GRJhguEMDEBM\/review\" rel=\"nofollow\">\u00c9crire un avis sur Google<\/a> \ud83d\udce7 Envoyez-nous un courriel \u00e0 <a style=\"color: #c9a44c; font-weight: bold;\" href=\"mailto:info@mtlprimelimos.com\">info@mtlprimelimos.com<\/a><\/p>\n<hr style=\"width: 60px; border: 1px solid #c9a44c; margin: 2em auto;\" \/>\n<h2>\u00a0<\/h2>\n<h2 style=\"font-size: 2em; margin-bottom: 1em;\">Pourquoi les avis sont importants<\/h2>\n<p style=\"font-size: 1.1em; color: #444; max-width: 750px; margin: 0 auto 2em;\">Les avis ne sont pas seulement des \u00e9valuations, ce sont <strong>des t\u00e9moignages de confiance et d'excellence<\/strong>. Chaque avis refl\u00e8te notre engagement : offrir non seulement un trajet, mais une <em>exp\u00e9rience de service de classe mondiale<\/em> qui nous distingue.<\/p>\n<p>Chez MTL Prime Limousines, nous ne nous contentons pas de fournir un service de transport, nous offrons une exp\u00e9rience. Que vous vous rendiez \u00e0 une r\u00e9union d'affaires de haut niveau, que vous c\u00e9l\u00e9briez un \u00e9v\u00e9nement marquant ou que vous vous fassiez simplement plaisir avec une exp\u00e9rience de voyage en premi\u00e8re classe, notre engagement envers le confort, l'\u00e9l\u00e9gance et le professionnalisme est in\u00e9gal\u00e9. Nos clients nous font confiance pour enrichir leurs d\u00e9placements, en assurant que chaque trajet soit fluide, luxueux et adapt\u00e9 \u00e0 leurs besoins.<\/p>\n<p>Notre flotte de limousines, VUS et berlines ex\u00e9cutives soigneusement entretenues garantit un trajet sophistiqu\u00e9 pour toutes les occasions. Avec des chauffeurs professionnellement form\u00e9s, un service ponctuel et un engagement ind\u00e9fectible envers la satisfaction de la client\u00e8le, il n\u2019est pas surprenant que MTL Prime Limousines soit devenu le choix privil\u00e9gi\u00e9 des passagers exigeants \u00e0 travers Montr\u00e9al, Laval, Longueuil et au-del\u00e0.<\/p>\n<p>\u2b50 Pourquoi les clients adorent MTL Prime Limousines<\/p>\n<p>\ud83d\udcbc Transport d'entreprise : Les professionnels comptent sur nous pour un service sans effort et ponctuel, rendant les trajets vers les r\u00e9unions, conf\u00e9rences et \u00e9v\u00e9nements d'entreprise sans stress et productifs.<\/p>\n<p>\ud83d\udc8d Limousines de mariage : Nos v\u00e9hicules luxueux ajoutent de l'\u00e9l\u00e9gance \u00e0 votre journ\u00e9e sp\u00e9ciale, offrant un trajet fluide et \u00e9l\u00e9gant pour les mari\u00e9es, les mari\u00e9s et les invit\u00e9s, assurant des souvenirs imp\u00e9rissables.<\/p>\n<p>\u2708\ufe0f Transferts d\u2019a\u00e9roport : Que vous arriviez ou partiez, nos chauffeurs privil\u00e9gient la fiabilit\u00e9 et le confort. Profitez d\u2019un trajet sans stress vers et depuis les a\u00e9roports de Montr\u00e9al, en \u00e9vitant les longues attentes et les tracas de transport de derni\u00e8re minute.<\/p>\n<p>\ud83c\udfad VIP et \u00e9v\u00e9nements sp\u00e9ciaux : Sublimez votre soir\u00e9e avec un traitement de tapis rouge pour les concerts, galas, premi\u00e8res et rassemblements exclusifs. Avec MTL Prime Limousines, chaque \u00e9v\u00e9nement commence et se termine dans le luxe.<\/p>\n<p>D\u00e8s que vous montez \u00e0 bord de l'un de nos v\u00e9hicules, vous profitez d'une exp\u00e9rience qui allie sophistication et service d'exception. D\u00e9couvrez pourquoi nos clients fid\u00e8les continuent de choisir MTL Prime Limousines pour tous leurs besoins en mati\u00e8re de transport de luxe.<\/p>\n<p style=\"font-size: 1.3em; font-weight: bold; color: #000; margin-top: 2em;\">\u00a0D\u00e9couvrez un service que d'autres ne peuvent que d\u00e9crire. R\u00e9servez votre prochain voyage avec <strong>MTL Prime Limousines<\/strong>.<\/p>\n<p>&nbsp;<\/p>\n<p><a class=\"et_pb_button\" style=\"display: inline-block; padding: 12px 24px; background: #000; color: #fff; border-radius: 5px; text-decoration: none;\" href=\"https:\/\/mtlprimelimos.com\/booking\/\">R\u00e9servez votre trajet<\/a><\/p>\n<\/div>\n<p>[\/et_pb_text][\/et_pb_column][\/et_pb_row][\/et_pb_section]<\/p>\n","protected":false},"excerpt":{"rendered":"<p>Avis des clients Approuv\u00e9 par les clients les plus exigeants de Montr\u00e9al Chez MTL Prime Limousines, chaque trajet est bien plus qu&rsquo;un simple transport, c\u2019est une exp\u00e9rience de confort, de style et de professionnalisme. \u2b50 Ce que disent nos clients <div class=\"strong-view strong-view-id-1 modern wpmtst-modern slider-container carousel slider-mode-horizontal controls-style-buttons nav-position-outside\" data-count=\"0\" data-slider-var=\"strong_slider_id_1\" data-state=\"idle\" data-assignment=\"none\"><div class=\"strong-content wpmslider-content\"><\/div><\/div> <div class=\"strong-rating-wrapper average centered\"><span class=\"strong-rating-title\">Moyenne des notes\u00a0:<\/span> \t\t<span class=\"strong-rating\">\n\t\t\t<span class=\"star0 star\"><\/span>\n\t\t\t<span class=\"star\" style=\"display: inline-block\"><svg class=\"star_solid\" aria-hidden=\"true\" role=\"img\" xmlns=\"http:\/\/www.w3.org\/2000\/svg\" viewBox=\"-8 -8 584 520\"><path d=\"M259.3 17.8L194 150.2 47.9 171.5c-26.2 3.8-36.7 36.1-17.7 54.6l105.7 103-25 145.5c-4.5 26.3 23.2 46 46.4 33.7L288 439.6l130.7 68.7c23.2 12.2 50.9-7.4 46.4-33.7l-25-145.5 105.7-103c19-18.5 8.5-50.8-17.7-54.6L382 150.2 316.7 17.8c-11.7-23.6-45.6-23.9-57.4 0z\"><\/path><\/svg><\/span><span class=\"star\" style=\"display: inline-block\"><svg class=\"star_solid\" aria-hidden=\"true\" role=\"img\" xmlns=\"http:\/\/www.w3.org\/2000\/svg\" viewBox=\"-8 -8 584 520\"><path d=\"M259.3 17.8L194 150.2 47.9 171.5c-26.2 3.8-36.7 36.1-17.7 54.6l105.7 103-25 145.5c-4.5 26.3 23.2 46 46.4 33.7L288 439.6l130.7 68.7c23.2 12.2 50.9-7.4 46.4-33.7l-25-145.5 105.7-103c19-18.5 8.5-50.8-17.7-54.6L382 150.2 316.7 17.8c-11.7-23.6-45.6-23.9-57.4 0z\"><\/path><\/svg><\/span><span class=\"star\" style=\"display: inline-block\"><svg class=\"star_solid\" aria-hidden=\"true\" role=\"img\" xmlns=\"http:\/\/www.w3.org\/2000\/svg\" viewBox=\"-8 -8 584 520\"><path d=\"M259.3 17.8L194 150.2 47.9 171.5c-26.2 3.8-36.7 36.1-17.7 54.6l105.7 103-25 145.5c-4.5 26.3 23.2 46 46.4 33.7L288 439.6l130.7 68.7c23.2 12.2 50.9-7.4 46.4-33.7l-25-145.5 105.7-103c19-18.5 8.5-50.8-17.7-54.6L382 150.2 316.7 17.8c-11.7-23.6-45.6-23.9-57.4 0z\"><\/path><\/svg><\/span><span class=\"star\" style=\"display: inline-block\"><svg class=\"star_solid\" aria-hidden=\"true\" role=\"img\" xmlns=\"http:\/\/www.w3.org\/2000\/svg\" viewBox=\"-8 -8 584 520\"><path d=\"M259.3 17.8L194 150.2 47.9 171.5c-26.2 3.8-36.7 36.1-17.7 54.6l105.7 103-25 145.5c-4.5 26.3 23.2 46 46.4 33.7L288 439.6l130.7 68.7c23.2 12.2 50.9-7.4 46.4-33.7l-25-145.5 105.7-103c19-18.5 8.5-50.8-17.7-54.6L382 150.2 316.7 17.8c-11.7-23.6-45.6-23.9-57.4 0z\"><\/path><\/svg><\/span><span class=\"star\" style=\"display: inline-block\"><svg class=\"star_solid\" aria-hidden=\"true\" role=\"img\" xmlns=\"http:\/\/www.w3.org\/2000\/svg\" viewBox=\"-8 -8 584 520\"><path d=\"M259.3 17.8L194 150.2 47.9 171.5c-26.2 3.8-36.7 36.1-17.7 54.6l105.7 103-25 145.5c-4.5 26.3 23.2 46 46.4 33.7L288 439.6l130.7 68.7c23.2 12.2 50.9-7.4 46.4-33.7l-25-145.5 105.7-103c19-18.5 8.5-50.8-17.7-54.6L382 150.2 316.7 17.8c-11.7-23.6-45.6-23.9-57.4 0z\"><\/path><\/svg><\/span>\t\t<\/span>\n\t\t <span class=\"strong-rating-summary\">5.0 \u00e9toiles (bas\u00e9e sur 68 notes)<\/span><\/div> &nbsp; \u00a0 Partagez votre exp\u00e9rience Votre histoire compte. Les avis&hellip; <a class=\"continue\" href=\"https:\/\/mtlprimelimos.com\/fr\/avis-des-clients\/\">Continue Reading<span> Avis des clients<\/span><\/a><\/p>\n","protected":false},"author":1,"featured_media":1166,"parent":0,"menu_order":0,"comment_status":"closed","ping_status":"closed","template":"","meta":{"_acf_changed":false,"_et_pb_use_builder":"on","_et_pb_old_content":"","_et_gb_content_width":"","footnotes":""},"wf_page_folders":[],"class_list":["post-2068","page","type-page","status-publish","has-post-thumbnail","hentry"],"acf":[],"_links":{"self":[{"href":"https:\/\/mtlprimelimos.com\/fr\/wp-json\/wp\/v2\/pages\/2068","targetHints":{"allow":["GET"]}}],"collection":[{"href":"https:\/\/mtlprimelimos.com\/fr\/wp-json\/wp\/v2\/pages"}],"about":[{"href":"https:\/\/mtlprimelimos.com\/fr\/wp-json\/wp\/v2\/types\/page"}],"author":[{"embeddable":true,"href":"https:\/\/mtlprimelimos.com\/fr\/wp-json\/wp\/v2\/users\/1"}],"replies":[{"embeddable":true,"href":"https:\/\/mtlprimelimos.com\/fr\/wp-json\/wp\/v2\/comments?post=2068"}],"version-history":[{"count":2,"href":"https:\/\/mtlprimelimos.com\/fr\/wp-json\/wp\/v2\/pages\/2068\/revisions"}],"predecessor-version":[{"id":2070,"href":"https:\/\/mtlprimelimos.com\/fr\/wp-json\/wp\/v2\/pages\/2068\/revisions\/2070"}],"wp:featuredmedia":[{"embeddable":true,"href":"https:\/\/mtlprimelimos.com\/fr\/wp-json\/wp\/v2\/media\/1166"}],"wp:attachment":[{"href":"https:\/\/mtlprimelimos.com\/fr\/wp-json\/wp\/v2\/media?parent=2068"}],"wp:term":[{"taxonomy":"wf_page_folders","embeddable":true,"href":"https:\/\/mtlprimelimos.com\/fr\/wp-json\/wp\/v2\/wf_page_folders?post=2068"}],"curies":[{"name":"wp","href":"https:\/\/api.w.org\/{rel}","templated":true}]}}